{"id":1671,"date":"2024-02-07T13:08:18","date_gmt":"2024-02-07T12:08:18","guid":{"rendered":"https:\/\/flashoffer.daiahotels.com\/end\/"},"modified":"2024-02-29T09:19:02","modified_gmt":"2024-02-29T08:19:02","slug":"end","status":"publish","type":"page","link":"https:\/\/flashoffer.daiahotels.com\/fr\/","title":{"rendered":"End"},"content":{"rendered":"\t\t<div data-elementor-type=\"wp-page\" data-elementor-id=\"1671\" class=\"elementor elementor-1671 elementor-1654\" data-elementor-post-type=\"page\">\n\t\t\t\t\t\t<section class=\"elementor-section elementor-top-section elementor-element elementor-element-64b9465f elementor-section-boxed elementor-section-height-default elementor-section-height-default\" data-id=\"64b9465f\" data-element_type=\"section\">\n\t\t\t\t\t\t<div class=\"elementor-container elementor-column-gap-default\">\n\t\t\t\t\t<div class=\"elementor-column elementor-col-100 elementor-top-column elementor-element elementor-element-148b3d0e\" data-id=\"148b3d0e\" data-element_type=\"column\">\n\t\t\t<div class=\"elementor-widget-wrap elementor-element-populated\">\n\t\t\t\t\t\t<div class=\"elementor-element elementor-element-74c7fb89 elementor-widget elementor-widget-image\" data-id=\"74c7fb89\" data-element_type=\"widget\" data-widget_type=\"image.default\">\n\t\t\t\t<div class=\"elementor-widget-container\">\n\t\t\t<style>\/*! elementor - v3.19.0 - 07-02-2024 *\/\n.elementor-widget-image{text-align:center}.elementor-widget-image a{display:inline-block}.elementor-widget-image a img[src$=\".svg\"]{width:48px}.elementor-widget-image img{vertical-align:middle;display:inline-block}<\/style>\t\t\t\t\t\t\t\t\t\t<img fetchpriority=\"high\" decoding=\"async\" width=\"1024\" height=\"188\" src=\"https:\/\/flashoffer.daiahotels.com\/wp-content\/uploads\/2024\/02\/daia-letrero.dia-andalucia-fr-1024x188.png\" class=\"attachment-large size-large wp-image-2503\" alt=\"\" srcset=\"https:\/\/flashoffer.daiahotels.com\/wp-content\/uploads\/2024\/02\/daia-letrero.dia-andalucia-fr-1024x188.png 1024w, https:\/\/flashoffer.daiahotels.com\/wp-content\/uploads\/2024\/02\/daia-letrero.dia-andalucia-fr-300x55.png 300w, https:\/\/flashoffer.daiahotels.com\/wp-content\/uploads\/2024\/02\/daia-letrero.dia-andalucia-fr-768x141.png 768w, https:\/\/flashoffer.daiahotels.com\/wp-content\/uploads\/2024\/02\/daia-letrero.dia-andalucia-fr.png 1162w\" sizes=\"(max-width: 1024px) 100vw, 1024px\" \/>\t\t\t\t\t\t\t\t\t\t\t\t\t<\/div>\n\t\t\t\t<\/div>\n\t\t\t\t<div class=\"elementor-element elementor-element-5f4d6789 elementor-countdown--label-block elementor-widget elementor-widget-countdown\" data-id=\"5f4d6789\" data-element_type=\"widget\" data-widget_type=\"countdown.default\">\n\t\t\t\t<div class=\"elementor-widget-container\">\n\t\t\t<style>\/*! elementor-pro - v3.19.0 - 07-02-2024 *\/\n.elementor-widget-countdown .elementor-countdown-expire--message{display:none;padding:20px;text-align:center}.elementor-widget-countdown .elementor-countdown-wrapper{flex-direction:row}.elementor-widget-countdown .elementor-countdown-item{padding:20px 0;text-align:center;color:#fff}.elementor-widget-countdown .elementor-countdown-digits,.elementor-widget-countdown .elementor-countdown-label{line-height:1}.elementor-widget-countdown .elementor-countdown-digits{font-size:69px}.elementor-widget-countdown .elementor-countdown-label{font-size:19px}.elementor-widget-countdown.elementor-countdown--label-block .elementor-countdown-wrapper{display:flex;justify-content:center;margin-right:auto;margin-left:auto}.elementor-widget-countdown.elementor-countdown--label-block .elementor-countdown-digits,.elementor-widget-countdown.elementor-countdown--label-block .elementor-countdown-label{display:block}.elementor-widget-countdown.elementor-countdown--label-block .elementor-countdown-item{flex-basis:0;flex-grow:1}.elementor-widget-countdown.elementor-countdown--label-inline{text-align:center}.elementor-widget-countdown.elementor-countdown--label-inline .elementor-countdown-item{display:inline-block;padding-left:5px;padding-right:5px}<\/style>\t\t<div class=\"elementor-countdown-wrapper\" data-date=\"1778067748\">\n\t\t\t<div class=\"elementor-countdown-item\"><span class=\"elementor-countdown-digits elementor-countdown-days\"><\/span> <span class=\"elementor-countdown-label\">Jours<\/span><\/div><div class=\"elementor-countdown-item\"><span class=\"elementor-countdown-digits elementor-countdown-hours\"><\/span> <span class=\"elementor-countdown-label\">Heures<\/span><\/div><div class=\"elementor-countdown-item\"><span class=\"elementor-countdown-digits elementor-countdown-minutes\"><\/span> <span class=\"elementor-countdown-label\">Minutes<\/span><\/div><div class=\"elementor-countdown-item\"><span class=\"elementor-countdown-digits elementor-countdown-seconds\"><\/span> <span class=\"elementor-countdown-label\">Secondes<\/span><\/div>\t\t<\/div>\n\t\t\t\t<\/div>\n\t\t\t\t<\/div>\n\t\t\t\t<div class=\"elementor-element elementor-element-292c6ea5 elementor-widget elementor-widget-heading\" data-id=\"292c6ea5\" data-element_type=\"widget\" data-widget_type=\"heading.default\">\n\t\t\t\t<div class=\"elementor-widget-container\">\n\t\t\t<style>\/*! elementor - v3.19.0 - 07-02-2024 *\/\n.elementor-heading-title{padding:0;margin:0;line-height:1}.elementor-widget-heading .elementor-heading-title[class*=elementor-size-]>a{color:inherit;font-size:inherit;line-height:inherit}.elementor-widget-heading .elementor-heading-title.elementor-size-small{font-size:15px}.elementor-widget-heading .elementor-heading-title.elementor-size-medium{font-size:19px}.elementor-widget-heading .elementor-heading-title.elementor-size-large{font-size:29px}.elementor-widget-heading .elementor-heading-title.elementor-size-xl{font-size:39px}.elementor-widget-heading .elementor-heading-title.elementor-size-xxl{font-size:59px}<\/style><h2 class=\"elementor-heading-title elementor-size-default\">D\u00e9sol\u00e9, l'offre a expir\u00e9 et n'est plus disponible.<\/h2>\t\t<\/div>\n\t\t\t\t<\/div>\n\t\t\t\t\t<\/div>\n\t\t<\/div>\n\t\t\t\t\t<\/div>\n\t\t<\/section>\n\t\t\t\t<\/div>\n\t\t","protected":false},"excerpt":{"rendered":"<p>D\u00edas Horas Minutos Segundos D\u00e9sol\u00e9, l&#8217;offre a expir\u00e9 et n&#8217;est plus disponible.<\/p>\n","protected":false},"author":3,"featured_media":0,"parent":0,"menu_order":0,"comment_status":"closed","ping_status":"closed","template":"","meta":{"site-sidebar-layout":"no-sidebar","site-content-layout":"page-builder","ast-site-content-layout":"full-width-container","site-content-style":"default","site-sidebar-style":"default","ast-global-header-display":"","ast-banner-title-visibility":"","ast-main-header-display":"","ast-hfb-above-header-display":"","ast-hfb-below-header-display":"","ast-hfb-mobile-header-display":"","site-post-title":"disabled","ast-breadcrumbs-content":"","ast-featured-img":"disabled","footer-sml-layout":"","theme-transparent-header-meta":"","adv-header-id-meta":"","stick-header-meta":"","header-above-stick-meta":"","header-main-stick-meta":"","header-below-stick-meta":"","astra-migrate-meta-layouts":"set","ast-page-background-enabled":"default","ast-page-background-meta":{"desktop":{"background-color":"var(--ast-global-color-4)","background-image":"","background-repeat":"repeat","background-position":"center center","background-size":"auto","background-attachment":"scroll","background-type":"","background-media":"","overlay-type":"","overlay-color":"","overlay-gradient":""},"tablet":{"background-color":"","background-image":"","background-repeat":"repeat","background-position":"center center","background-size":"auto","background-attachment":"scroll","background-type":"","background-media":"","overlay-type":"","overlay-color":"","overlay-gradient":""},"mobile":{"background-color":"","background-image":"","background-repeat":"repeat","background-position":"center center","background-size":"auto","background-attachment":"scroll","background-type":"","background-media":"","overlay-type":"","overlay-color":"","overlay-gradient":""}},"ast-content-background-meta":{"desktop":{"background-color":"var(--ast-global-color-5)","background-image":"","background-repeat":"repeat","background-position":"center center","background-size":"auto","background-attachment":"scroll","background-type":"","background-media":"","overlay-type":"","overlay-color":"","overlay-gradient":""},"tablet":{"background-color":"var(--ast-global-color-5)","background-image":"","background-repeat":"repeat","background-position":"center center","background-size":"auto","background-attachment":"scroll","background-type":"","background-media":"","overlay-type":"","overlay-color":"","overlay-gradient":""},"mobile":{"background-color":"var(--ast-global-color-5)","background-image":"","background-repeat":"repeat","background-position":"center center","background-size":"auto","background-attachment":"scroll","background-type":"","background-media":"","overlay-type":"","overlay-color":"","overlay-gradient":""}},"footnotes":""},"class_list":["post-1671","page","type-page","status-publish","hentry"],"yoast_head":"<!-- This site is optimized with the Yoast SEO plugin v22.0 - https:\/\/yoast.com\/wordpress\/plugins\/seo\/ -->\n<title>End - 28F - Daia Hotels<\/title>\n<meta name=\"robots\" content=\"index, follow, max-snippet:-1, max-image-preview:large, max-video-preview:-1\" \/>\n<link rel=\"canonical\" href=\"https:\/\/flashoffer.daiahotels.com\/fr\/\" \/>\n<meta property=\"og:locale\" content=\"fr_FR\" \/>\n<meta property=\"og:type\" content=\"article\" \/>\n<meta property=\"og:title\" content=\"End - 28F - Daia Hotels\" \/>\n<meta property=\"og:description\" content=\"D\u00edas Horas Minutos Segundos D\u00e9sol\u00e9, l&#8217;offre a expir\u00e9 et n&#8217;est plus disponible.\" \/>\n<meta property=\"og:url\" content=\"https:\/\/flashoffer.daiahotels.com\/fr\/\" \/>\n<meta property=\"og:site_name\" content=\"28F - Daia Hotels\" \/>\n<meta property=\"article:modified_time\" content=\"2024-02-29T08:19:02+00:00\" \/>\n<meta property=\"og:image\" content=\"https:\/\/flashoffer.daiahotels.com\/wp-content\/uploads\/2024\/02\/daia-letrero.dia-andalucia-fr-1024x188.png\" \/>\n<meta name=\"twitter:card\" content=\"summary_large_image\" \/>\n<meta name=\"twitter:label1\" content=\"Dur\u00e9e de lecture estim\u00e9e\" \/>\n\t<meta name=\"twitter:data1\" content=\"1 minute\" \/>\n<script type=\"application\/ld+json\" class=\"yoast-schema-graph\">{\"@context\":\"https:\/\/schema.org\",\"@graph\":[{\"@type\":\"WebPage\",\"@id\":\"https:\/\/flashoffer.daiahotels.com\/fr\/\",\"url\":\"https:\/\/flashoffer.daiahotels.com\/fr\/\",\"name\":\"End - 28F - Daia Hotels\",\"isPartOf\":{\"@id\":\"https:\/\/flashoffer.daiahotels.com\/fr\/#website\"},\"datePublished\":\"2024-02-07T12:08:18+00:00\",\"dateModified\":\"2024-02-29T08:19:02+00:00\",\"breadcrumb\":{\"@id\":\"https:\/\/flashoffer.daiahotels.com\/fr\/#breadcrumb\"},\"inLanguage\":\"fr-FR\",\"potentialAction\":[{\"@type\":\"ReadAction\",\"target\":[\"https:\/\/flashoffer.daiahotels.com\/fr\/\"]}]},{\"@type\":\"BreadcrumbList\",\"@id\":\"https:\/\/flashoffer.daiahotels.com\/fr\/#breadcrumb\",\"itemListElement\":[{\"@type\":\"ListItem\",\"position\":1,\"name\":\"Portada\",\"item\":\"https:\/\/flashoffer.daiahotels.com\/fr\/end\/\"},{\"@type\":\"ListItem\",\"position\":2,\"name\":\"End\"}]},{\"@type\":\"WebSite\",\"@id\":\"https:\/\/flashoffer.daiahotels.com\/fr\/#website\",\"url\":\"https:\/\/flashoffer.daiahotels.com\/fr\/\",\"name\":\"28F - Daia Hotels\",\"description\":\"\",\"potentialAction\":[{\"@type\":\"SearchAction\",\"target\":{\"@type\":\"EntryPoint\",\"urlTemplate\":\"https:\/\/flashoffer.daiahotels.com\/fr\/?s={search_term_string}\"},\"query-input\":\"required name=search_term_string\"}],\"inLanguage\":\"fr-FR\"}]}<\/script>\n<!-- \/ Yoast SEO plugin. -->","yoast_head_json":{"title":"End - 28F - Daia Hotels","robots":{"index":"index","follow":"follow","max-snippet":"max-snippet:-1","max-image-preview":"max-image-preview:large","max-video-preview":"max-video-preview:-1"},"canonical":"https:\/\/flashoffer.daiahotels.com\/fr\/","og_locale":"fr_FR","og_type":"article","og_title":"End - 28F - Daia Hotels","og_description":"D\u00edas Horas Minutos Segundos D\u00e9sol\u00e9, l&#8217;offre a expir\u00e9 et n&#8217;est plus disponible.","og_url":"https:\/\/flashoffer.daiahotels.com\/fr\/","og_site_name":"28F - Daia Hotels","article_modified_time":"2024-02-29T08:19:02+00:00","og_image":[{"url":"https:\/\/flashoffer.daiahotels.com\/wp-content\/uploads\/2024\/02\/daia-letrero.dia-andalucia-fr-1024x188.png"}],"twitter_card":"summary_large_image","twitter_misc":{"Dur\u00e9e de lecture estim\u00e9e":"1 minute"},"schema":{"@context":"https:\/\/schema.org","@graph":[{"@type":"WebPage","@id":"https:\/\/flashoffer.daiahotels.com\/fr\/","url":"https:\/\/flashoffer.daiahotels.com\/fr\/","name":"End - 28F - Daia Hotels","isPartOf":{"@id":"https:\/\/flashoffer.daiahotels.com\/fr\/#website"},"datePublished":"2024-02-07T12:08:18+00:00","dateModified":"2024-02-29T08:19:02+00:00","breadcrumb":{"@id":"https:\/\/flashoffer.daiahotels.com\/fr\/#breadcrumb"},"inLanguage":"fr-FR","potentialAction":[{"@type":"ReadAction","target":["https:\/\/flashoffer.daiahotels.com\/fr\/"]}]},{"@type":"BreadcrumbList","@id":"https:\/\/flashoffer.daiahotels.com\/fr\/#breadcrumb","itemListElement":[{"@type":"ListItem","position":1,"name":"Portada","item":"https:\/\/flashoffer.daiahotels.com\/fr\/end\/"},{"@type":"ListItem","position":2,"name":"End"}]},{"@type":"WebSite","@id":"https:\/\/flashoffer.daiahotels.com\/fr\/#website","url":"https:\/\/flashoffer.daiahotels.com\/fr\/","name":"28F - Daia Hotels","description":"","potentialAction":[{"@type":"SearchAction","target":{"@type":"EntryPoint","urlTemplate":"https:\/\/flashoffer.daiahotels.com\/fr\/?s={search_term_string}"},"query-input":"required name=search_term_string"}],"inLanguage":"fr-FR"}]}},"_links":{"self":[{"href":"https:\/\/flashoffer.daiahotels.com\/fr\/wp-json\/wp\/v2\/pages\/1671","targetHints":{"allow":["GET"]}}],"collection":[{"href":"https:\/\/flashoffer.daiahotels.com\/fr\/wp-json\/wp\/v2\/pages"}],"about":[{"href":"https:\/\/flashoffer.daiahotels.com\/fr\/wp-json\/wp\/v2\/types\/page"}],"author":[{"embeddable":true,"href":"https:\/\/flashoffer.daiahotels.com\/fr\/wp-json\/wp\/v2\/users\/3"}],"replies":[{"embeddable":true,"href":"https:\/\/flashoffer.daiahotels.com\/fr\/wp-json\/wp\/v2\/comments?post=1671"}],"version-history":[{"count":3,"href":"https:\/\/flashoffer.daiahotels.com\/fr\/wp-json\/wp\/v2\/pages\/1671\/revisions"}],"predecessor-version":[{"id":2535,"href":"https:\/\/flashoffer.daiahotels.com\/fr\/wp-json\/wp\/v2\/pages\/1671\/revisions\/2535"}],"wp:attachment":[{"href":"https:\/\/flashoffer.daiahotels.com\/fr\/wp-json\/wp\/v2\/media?parent=1671"}],"curies":[{"name":"wp","href":"https:\/\/api.w.org\/{rel}","templated":true}]}}